{"id":2759,"date":"2023-12-18T18:15:34","date_gmt":"2023-12-18T18:15:34","guid":{"rendered":"https:\/\/octagongs.com\/es\/?page_id=2759"},"modified":"2025-12-12T23:04:57","modified_gmt":"2025-12-12T23:04:57","slug":"proyectos-actuales","status":"publish","type":"page","link":"https:\/\/octagongs.com\/es\/proyectos-actuales\/","title":{"rendered":"Proyectos Actuales"},"content":{"rendered":"\t\t<div data-elementor-type=\"wp-page\" data-elementor-id=\"2759\" class=\"elementor elementor-2759\">\n\t\t\t\t\t\t<section class=\"elementor-section elementor-top-section elementor-element elementor-element-5bc23ea9 elementor-section-full_width elementor-section-height-default elementor-section-height-default sc_fly_static\" data-id=\"5bc23ea9\" data-element_type=\"section\" data-e-type=\"section\">\n\t\t\t\t\t\t<div class=\"elementor-container elementor-column-gap-extended\">\n\t\t\t\t\t<div class=\"elementor-column elementor-col-100 elementor-top-column elementor-element elementor-element-7b854d6a sc_content_align_inherit sc_layouts_column_icons_position_left sc_fly_static\" data-id=\"7b854d6a\" data-element_type=\"column\" data-e-type=\"column\">\n\t\t\t<div class=\"elementor-widget-wrap elementor-element-populated\">\n\t\t\t\t\t\t<div class=\"elementor-element elementor-element-c5d6d5a sc_fly_static elementor-widget elementor-widget-spacer\" data-id=\"c5d6d5a\" data-element_type=\"widget\" data-e-type=\"widget\" data-widget_type=\"spacer.default\">\n\t\t\t\t<div class=\"elementor-widget-container\">\n\t\t\t\t\t\t\t<div class=\"elementor-spacer\">\n\t\t\t<div class=\"elementor-spacer-inner\"><\/div>\n\t\t<\/div>\n\t\t\t\t\t\t<\/div>\n\t\t\t\t<\/div>\n\t\t\t\t<div class=\"elementor-element elementor-element-87b692f sc_fly_static elementor-widget elementor-widget-spacer\" data-id=\"87b692f\" data-element_type=\"widget\" data-e-type=\"widget\" data-widget_type=\"spacer.default\">\n\t\t\t\t<div class=\"elementor-widget-container\">\n\t\t\t\t\t\t\t<div class=\"elementor-spacer\">\n\t\t\t<div class=\"elementor-spacer-inner\"><\/div>\n\t\t<\/div>\n\t\t\t\t\t\t<\/div>\n\t\t\t\t<\/div>\n\t\t\t\t<div class=\"elementor-element elementor-element-db78235 sc_fly_static elementor-widget elementor-widget-spacer\" data-id=\"db78235\" data-element_type=\"widget\" data-e-type=\"widget\" data-widget_type=\"spacer.default\">\n\t\t\t\t<div class=\"elementor-widget-container\">\n\t\t\t\t\t\t\t<div class=\"elementor-spacer\">\n\t\t\t<div class=\"elementor-spacer-inner\"><\/div>\n\t\t<\/div>\n\t\t\t\t\t\t<\/div>\n\t\t\t\t<\/div>\n\t\t\t\t\t<\/div>\n\t\t<\/div>\n\t\t\t\t\t<\/div>\n\t\t<\/section>\n\t\t\t\t<section class=\"elementor-section elementor-top-section elementor-element elementor-element-beb5830 elementor-section-full_width elementor-section-height-default elementor-section-height-default sc_fly_static\" data-id=\"beb5830\" data-element_type=\"section\" data-e-type=\"section\">\n\t\t\t\t\t\t<div class=\"elementor-container elementor-column-gap-extended\">\n\t\t\t\t\t<div class=\"elementor-column elementor-col-100 elementor-top-column elementor-element elementor-element-ef3127c sc_content_align_inherit sc_layouts_column_icons_position_left sc_fly_static\" data-id=\"ef3127c\" data-element_type=\"column\" data-e-type=\"column\">\n\t\t\t<div class=\"elementor-widget-wrap elementor-element-populated\">\n\t\t\t\t\t\t<div class=\"elementor-element elementor-element-ac6423d sc_fly_static elementor-widget elementor-widget-text-editor\" data-id=\"ac6423d\" data-element_type=\"widget\" data-e-type=\"widget\" data-widget_type=\"text-editor.default\">\n\t\t\t\t<div class=\"elementor-widget-container\">\n\t\t\t\t\t\t\t\t\t<p>Para obtener una descripci\u00f3n m\u00e1s detallada de nuestras iniciativas de inversi\u00f3n, haga clic en los enlaces a continuaci\u00f3n.<\/p>\t\t\t\t\t\t\t\t<\/div>\n\t\t\t\t<\/div>\n\t\t\t\t<section class=\"elementor-section elementor-inner-section elementor-element elementor-element-de4e20e elementor-section-boxed elementor-section-height-default elementor-section-height-default sc_fly_static\" data-id=\"de4e20e\" data-element_type=\"section\" data-e-type=\"section\">\n\t\t\t\t\t\t<div class=\"elementor-container elementor-column-gap-extended\">\n\t\t\t\t\t<div class=\"elementor-column elementor-col-50 elementor-inner-column elementor-element elementor-element-06b54b9 sc_content_align_inherit sc_layouts_column_icons_position_left sc_fly_static\" data-id=\"06b54b9\" data-element_type=\"column\" data-e-type=\"column\">\n\t\t\t<div class=\"elementor-widget-wrap elementor-element-populated\">\n\t\t\t\t\t\t<div class=\"elementor-element elementor-element-9e21aea sc_fly_static elementor-widget elementor-widget-trx_sc_button\" data-id=\"9e21aea\" data-element_type=\"widget\" data-e-type=\"widget\" data-widget_type=\"trx_sc_button.default\">\n\t\t\t\t<div class=\"elementor-widget-container\">\n\t\t\t\t\t<div\tclass=\"sc_item_button sc_button_wrap sc_align_center\" ><a href=\"https:\/\/octagongs.com\/es\/wp-content\/uploads\/2025\/12\/ESP-Resumen-de-Inversion-Articulo-AUG-2025.pdf\" class=\"sc_button sc_button_default sc_button_size_normal sc_button_icon_left\" ><span class=\"sc_button_text\"><span class=\"sc_button_title\">Resumen de Inversi\u00f3n<\/span><\/span><\/a><\/div>\t\t\t\t<\/div>\n\t\t\t\t<\/div>\n\t\t\t\t<div class=\"elementor-element elementor-element-883b6d6 sc_fly_static elementor-widget elementor-widget-spacer\" data-id=\"883b6d6\" data-element_type=\"widget\" data-e-type=\"widget\" data-widget_type=\"spacer.default\">\n\t\t\t\t<div class=\"elementor-widget-container\">\n\t\t\t\t\t\t\t<div class=\"elementor-spacer\">\n\t\t\t<div class=\"elementor-spacer-inner\"><\/div>\n\t\t<\/div>\n\t\t\t\t\t\t<\/div>\n\t\t\t\t<\/div>\n\t\t\t\t\t<\/div>\n\t\t<\/div>\n\t\t\t\t<div class=\"elementor-column elementor-col-50 elementor-inner-column elementor-element elementor-element-7b11c3e sc_content_align_inherit sc_layouts_column_icons_position_left sc_fly_static\" data-id=\"7b11c3e\" data-element_type=\"column\" data-e-type=\"column\">\n\t\t\t<div class=\"elementor-widget-wrap elementor-element-populated\">\n\t\t\t\t\t\t<div class=\"elementor-element elementor-element-348ca95 sc_fly_static elementor-widget elementor-widget-trx_sc_button\" data-id=\"348ca95\" data-element_type=\"widget\" data-e-type=\"widget\" data-widget_type=\"trx_sc_button.default\">\n\t\t\t\t<div class=\"elementor-widget-container\">\n\t\t\t\t\t<div\tclass=\"sc_item_button sc_button_wrap sc_align_center\" ><a href=\"https:\/\/octagongs.com\/es\/wp-content\/uploads\/2025\/12\/ESP-Ventaja-del-Thriver-Articulo-SEP-2025.pdf\" class=\"sc_button sc_button_default sc_button_size_normal sc_button_icon_left\" ><span class=\"sc_button_text\"><span class=\"sc_button_title\">Ventaja del Thriver<\/span><\/span><\/a><\/div>\t\t\t\t<\/div>\n\t\t\t\t<\/div>\n\t\t\t\t\t<\/div>\n\t\t<\/div>\n\t\t\t\t\t<\/div>\n\t\t<\/section>\n\t\t\t\t<div class=\"elementor-element elementor-element-ccdd854 sc_fly_static elementor-widget elementor-widget-spacer\" data-id=\"ccdd854\" data-element_type=\"widget\" data-e-type=\"widget\" data-widget_type=\"spacer.default\">\n\t\t\t\t<div class=\"elementor-widget-container\">\n\t\t\t\t\t\t\t<div class=\"elementor-spacer\">\n\t\t\t<div class=\"elementor-spacer-inner\"><\/div>\n\t\t<\/div>\n\t\t\t\t\t\t<\/div>\n\t\t\t\t<\/div>\n\t\t\t\t\t<\/div>\n\t\t<\/div>\n\t\t\t\t\t<\/div>\n\t\t<\/section>\n\t\t\t\t<section class=\"elementor-section elementor-top-section elementor-element elementor-element-be7a6d7 elementor-section-full_width elementor-section-height-default elementor-section-height-default sc_fly_static\" data-id=\"be7a6d7\" data-element_type=\"section\" data-e-type=\"section\">\n\t\t\t\t\t\t<div class=\"elementor-container elementor-column-gap-extended\">\n\t\t\t\t\t<div class=\"elementor-column elementor-col-100 elementor-top-column elementor-element elementor-element-b360e03 sc_content_align_inherit sc_layouts_column_icons_position_left sc_fly_static\" data-id=\"b360e03\" data-element_type=\"column\" data-e-type=\"column\">\n\t\t\t<div class=\"elementor-widget-wrap elementor-element-populated\">\n\t\t\t\t\t\t<div class=\"elementor-element elementor-element-d0a52d8 sc_fly_static elementor-widget elementor-widget-spacer\" data-id=\"d0a52d8\" data-element_type=\"widget\" data-e-type=\"widget\" data-widget_type=\"spacer.default\">\n\t\t\t\t<div class=\"elementor-widget-container\">\n\t\t\t\t\t\t\t<div class=\"elementor-spacer\">\n\t\t\t<div class=\"elementor-spacer-inner\"><\/div>\n\t\t<\/div>\n\t\t\t\t\t\t<\/div>\n\t\t\t\t<\/div>\n\t\t\t\t<div class=\"elementor-element elementor-element-7cb414d sc_fly_static elementor-widget elementor-widget-trx_sc_portfolio\" data-id=\"7cb414d\" data-element_type=\"widget\" data-e-type=\"widget\" data-widget_type=\"trx_sc_portfolio.default\">\n\t\t\t\t<div class=\"elementor-widget-container\">\n\t\t\t\t\t<div \t\tclass=\"sc_portfolio sc_portfolio_band\"><div class=\"sc_portfolio_content sc_item_content sc_item_posts_container\r\n              grid_wrap_2\"><div data-post-id=\"8069\" class=\"sc_portfolio_item sc_item_container post_container\"\r\n\t\tdata-size=\"1920x1319\"\r\n\tdata-src=\"https:\/\/octagongs.com\/es\/wp-content\/uploads\/2025\/07\/linktek-feat-image-logo-v2.jpg\"\r\n\t>\r\n\t<div class=\"post_featured with_thumb hover_link sc_portfolio_item_thumb trx_addons_image_effects_on_waves2\" data-image-effect-strength=\"30\"><img fetchpriority=\"high\" decoding=\"async\" width=\"890\" height=\"664\" src=\"https:\/\/octagongs.com\/es\/wp-content\/uploads\/2025\/07\/linktek-feat-image-logo-v2-890x664.jpg\" class=\"attachment-stratego-thumb-square size-stratego-thumb-square wp-post-image\" alt=\"\" \/>\t\t\t\t\t\t<div class=\"mask\"><\/div>\n\t\t\t\t\t\t\t\t\t<a href=\"https:\/\/octagongs.com\/es\/projects\/linktek-platform\/\"  aria-hidden=\"true\" class=\"link\"><\/a>\r\n\t\t\t<\/div>    <div class=\"post_content_wrap\">\r\n        <div class=\"post_meta\"><span class=\"post_meta_item post_categories cat_sep\"><a href=\"https:\/\/octagongs.com\/es\/portfolio_group\/negocio\/\" title=\"View all posts in Negocio\">Negocio<\/a><\/span><\/div>            <h2 class=\"post_title\">\r\n                    <a href=\"https:\/\/octagongs.com\/es\/projects\/linktek-platform\/\">Plataforma Linktek<\/a>\r\n                    <\/h2>\r\n        \r\n                    <div class=\"post_description_content\"> Uniendo a usuarios y empresas en una plataforma \u00fanica de r\u00e1pido crecimiento. Con pagos digitales r\u00e1pidos y una amplia red de escaparates, todas las partes salen ganando. <\/div>\r\n                <a href=\"https:\/\/octagongs.com\/es\/projects\/linktek-platform\/\" class=\"theme_button\"><span class=\"post_readmore_label\">Leer m\u00e1s <\/span><span class=\"hover-arrow\"><\/span><\/a>\r\n        \r\n\r\n    <\/div>\r\n<\/div><div data-post-id=\"8091\" class=\"sc_portfolio_item sc_item_container post_container\"\r\n\t\tdata-size=\"1920x1280\"\r\n\tdata-src=\"https:\/\/octagongs.com\/es\/wp-content\/uploads\/2025\/07\/thrive-mall-feat-image.jpg\"\r\n\t>\r\n\t<div class=\"post_featured with_thumb hover_link sc_portfolio_item_thumb trx_addons_image_effects_on_waves2\" data-image-effect-strength=\"30\"><img decoding=\"async\" width=\"890\" height=\"664\" src=\"https:\/\/octagongs.com\/es\/wp-content\/uploads\/2025\/07\/thrive-mall-feat-image-890x664.jpg\" class=\"attachment-stratego-thumb-square size-stratego-thumb-square wp-post-image\" alt=\"\" \/>\t\t\t\t\t\t<div class=\"mask\"><\/div>\n\t\t\t\t\t\t\t\t\t<a href=\"https:\/\/octagongs.com\/es\/projects\/thrive-virtual-mall\/\"  aria-hidden=\"true\" class=\"link\"><\/a>\r\n\t\t\t<\/div>    <div class=\"post_content_wrap\">\r\n        <div class=\"post_meta\"><span class=\"post_meta_item post_categories cat_sep\"><a href=\"https:\/\/octagongs.com\/es\/portfolio_group\/negocio\/\" title=\"View all posts in Negocio\">Negocio<\/a><\/span><\/div>            <h2 class=\"post_title\">\r\n                    <a href=\"https:\/\/octagongs.com\/es\/projects\/thrive-virtual-mall\/\">Centro comercial virtual Thrive<\/a>\r\n                    <\/h2>\r\n        \r\n                    <div class=\"post_description_content\"> M\u00e1s all\u00e1 del ladrillo y el cemento, bienvenido al centro comercial virtual del futuro. El sello distintivo del centro comercial virtual de Thrive es la facilidad de acceso para los comerciantes y la gran variedad de productos para los usuarios. <\/div>\r\n                <a href=\"https:\/\/octagongs.com\/es\/projects\/thrive-virtual-mall\/\" class=\"theme_button\"><span class=\"post_readmore_label\">Leer m\u00e1s <\/span><span class=\"hover-arrow\"><\/span><\/a>\r\n        \r\n\r\n    <\/div>\r\n<\/div><\/div><\/div>\t\t\t\t<\/div>\n\t\t\t\t<\/div>\n\t\t\t\t<div class=\"elementor-element elementor-element-737dec9 sc_fly_static elementor-widget elementor-widget-spacer\" data-id=\"737dec9\" data-element_type=\"widget\" data-e-type=\"widget\" data-widget_type=\"spacer.default\">\n\t\t\t\t<div class=\"elementor-widget-container\">\n\t\t\t\t\t\t\t<div class=\"elementor-spacer\">\n\t\t\t<div class=\"elementor-spacer-inner\"><\/div>\n\t\t<\/div>\n\t\t\t\t\t\t<\/div>\n\t\t\t\t<\/div>\n\t\t\t\t<div class=\"elementor-element elementor-element-6750f2b sc_fly_static elementor-widget elementor-widget-text-editor\" data-id=\"6750f2b\" data-element_type=\"widget\" data-e-type=\"widget\" data-widget_type=\"text-editor.default\">\n\t\t\t\t<div class=\"elementor-widget-container\">\n\t\t\t\t\t\t\t\t\t<main class=\"main-content svelte-29epsp\"><\/main><div class=\"main-content svelte-mhuesr\"><div class=\"translator-container svelte-bad754\" data-testid=\"side-panel-translator\"><div class=\"output-area svelte-10aez33\" dir=\"ltr\" data-testid=\"side-panel-output\">Nuestros proyectos generan ingresos a trav\u00e9s de las cuotas de afiliaci\u00f3n y los cargos por servicios, que constituyen la principal fuente de ingresos compartida con los inversores.<\/div><\/div><\/div>\t\t\t\t\t\t\t\t<\/div>\n\t\t\t\t<\/div>\n\t\t\t\t<div class=\"elementor-element elementor-element-3efb69d sc_fly_static elementor-widget elementor-widget-spacer\" data-id=\"3efb69d\" data-element_type=\"widget\" data-e-type=\"widget\" data-widget_type=\"spacer.default\">\n\t\t\t\t<div class=\"elementor-widget-container\">\n\t\t\t\t\t\t\t<div class=\"elementor-spacer\">\n\t\t\t<div class=\"elementor-spacer-inner\"><\/div>\n\t\t<\/div>\n\t\t\t\t\t\t<\/div>\n\t\t\t\t<\/div>\n\t\t\t\t\t<\/div>\n\t\t<\/div>\n\t\t\t\t\t<\/div>\n\t\t<\/section>\n\t\t\t\t<section class=\"elementor-section elementor-top-section elementor-element elementor-element-38b9cd78 elementor-section-content-middle scheme_dark elementor-section-boxed elementor-section-height-default elementor-section-height-default sc_fly_static\" data-id=\"38b9cd78\" data-element_type=\"section\" data-e-type=\"section\" data-settings=\"{&quot;background_background&quot;:&quot;classic&quot;}\">\n\t\t\t\t\t\t<div class=\"elementor-container elementor-column-gap-extended\">\n\t\t\t\t\t<div class=\"elementor-column elementor-col-66 elementor-top-column elementor-element elementor-element-6fa45c3a sc_content_align_inherit sc_layouts_column_icons_position_left sc_fly_static\" data-id=\"6fa45c3a\" data-element_type=\"column\" data-e-type=\"column\">\n\t\t\t<div class=\"elementor-widget-wrap elementor-element-populated\">\n\t\t\t\t\t\t<div class=\"elementor-element elementor-element-6aedc9ec sc_fly_static elementor-widget elementor-widget-trx_sc_title\" data-id=\"6aedc9ec\" data-element_type=\"widget\" data-e-type=\"widget\" data-widget_type=\"trx_sc_title.default\">\n\t\t\t\t<div class=\"elementor-widget-container\">\n\t\t\t\t\t<div\t\tclass=\"sc_title sc_title_default\" ><h3 class=\"sc_item_title sc_title_title sc_item_title_style_default sc_item_title_tag\"\n\t\t\t><span class=\"sc_item_title_text\">Aplica la nueva f\u00f3rmula para el \u00c9xito Financiero<\/span><\/h3><\/div>\t\t\t\t<\/div>\n\t\t\t\t<\/div>\n\t\t\t\t\t<\/div>\n\t\t<\/div>\n\t\t\t\t<div class=\"elementor-column elementor-col-33 elementor-top-column elementor-element elementor-element-12b2279b sc_layouts_column_align_right sc_layouts_column sc-mobile_layouts_column_align_left sc_layouts_column sc_content_align_inherit sc_layouts_column_icons_position_left sc_fly_static\" data-id=\"12b2279b\" data-element_type=\"column\" data-e-type=\"column\">\n\t\t\t<div class=\"elementor-widget-wrap elementor-element-populated\">\n\t\t\t\t\t\t<div class=\"elementor-element elementor-element-7a908961 sc_fly_static elementor-widget elementor-widget-trx_sc_button\" data-id=\"7a908961\" data-element_type=\"widget\" data-e-type=\"widget\" data-widget_type=\"trx_sc_button.default\">\n\t\t\t\t<div class=\"elementor-widget-container\">\n\t\t\t\t\t<div\tclass=\"sc_item_button sc_button_wrap\" ><a href=\"https:\/\/octagongs.com\/es\/formulario-para-inversionistas\/\" class=\"sc_button sc_button_slide sc_button_size_normal sc_button_icon_left color_style_dark\" ><span class=\"sc_button_text\"><span class=\"sc_button_title\">Realizar una encuesta<\/span><\/span><\/a><\/div>\t\t\t\t<\/div>\n\t\t\t\t<\/div>\n\t\t\t\t\t<\/div>\n\t\t<\/div>\n\t\t\t\t\t<\/div>\n\t\t<\/section>\n\t\t\t\t<\/div>\n\t\t","protected":false},"excerpt":{"rendered":"<p>Para obtener una descripci\u00f3n m\u00e1s detallada de nuestras iniciativas de inversi\u00f3n, haga clic en los enlaces a continuaci\u00f3n. Resumen de Inversi\u00f3n Ventaja del Thriver Negocio Plataforma Linktek Uniendo a usuarios&hellip;<\/p>\n","protected":false},"author":129273,"featured_media":0,"parent":0,"menu_order":0,"comment_status":"closed","ping_status":"closed","template":"","meta":{"footnotes":""},"class_list":["post-2759","page","type-page","status-publish","hentry"],"_links":{"self":[{"href":"https:\/\/octagongs.com\/es\/wp-json\/wp\/v2\/pages\/2759","targetHints":{"allow":["GET"]}}],"collection":[{"href":"https:\/\/octagongs.com\/es\/wp-json\/wp\/v2\/pages"}],"about":[{"href":"https:\/\/octagongs.com\/es\/wp-json\/wp\/v2\/types\/page"}],"author":[{"embeddable":true,"href":"https:\/\/octagongs.com\/es\/wp-json\/wp\/v2\/users\/129273"}],"replies":[{"embeddable":true,"href":"https:\/\/octagongs.com\/es\/wp-json\/wp\/v2\/comments?post=2759"}],"version-history":[{"count":10,"href":"https:\/\/octagongs.com\/es\/wp-json\/wp\/v2\/pages\/2759\/revisions"}],"predecessor-version":[{"id":8316,"href":"https:\/\/octagongs.com\/es\/wp-json\/wp\/v2\/pages\/2759\/revisions\/8316"}],"wp:attachment":[{"href":"https:\/\/octagongs.com\/es\/wp-json\/wp\/v2\/media?parent=2759"}],"curies":[{"name":"wp","href":"https:\/\/api.w.org\/{rel}","templated":true}]}}