{"id":2571,"date":"2023-12-18T11:29:24","date_gmt":"2023-12-18T11:29:24","guid":{"rendered":"https:\/\/octagongs.com\/es\/?page_id=2571"},"modified":"2025-08-25T00:40:27","modified_gmt":"2025-08-25T00:40:27","slug":"como-invertimos","status":"publish","type":"page","link":"https:\/\/octagongs.com\/es\/como-invertimos\/","title":{"rendered":"C\u00f3mo Invertimos"},"content":{"rendered":"\t\t<div data-elementor-type=\"wp-page\" data-elementor-id=\"2571\" class=\"elementor elementor-2571\">\n\t\t\t\t\t\t<section class=\"elementor-section elementor-top-section elementor-element elementor-element-175de833 scheme_light elementor-section-boxed elementor-section-height-default elementor-section-height-default sc_fly_static\" data-id=\"175de833\" data-element_type=\"section\" data-e-type=\"section\" data-settings=\"{&quot;background_background&quot;:&quot;classic&quot;}\">\n\t\t\t\t\t\t<div class=\"elementor-container elementor-column-gap-extended\">\n\t\t\t\t\t<div class=\"elementor-column elementor-col-100 elementor-top-column elementor-element elementor-element-3e5e298d sc_content_align_inherit sc_layouts_column_icons_position_left sc_fly_static\" data-id=\"3e5e298d\" data-element_type=\"column\" data-e-type=\"column\">\n\t\t\t<div class=\"elementor-widget-wrap elementor-element-populated\">\n\t\t\t\t\t\t<div class=\"elementor-element elementor-element-2ffc05f sc_height_medium sc_fly_static elementor-widget elementor-widget-spacer\" data-id=\"2ffc05f\" data-element_type=\"widget\" data-e-type=\"widget\" data-widget_type=\"spacer.default\">\n\t\t\t\t<div class=\"elementor-widget-container\">\n\t\t\t\t\t\t\t<div class=\"elementor-spacer\">\n\t\t\t<div class=\"elementor-spacer-inner\"><\/div>\n\t\t<\/div>\n\t\t\t\t\t\t<\/div>\n\t\t\t\t<\/div>\n\t\t\t\t<div class=\"elementor-element elementor-element-7925f5a sc_layouts_hide_on_notebook sc_layouts_hide_on_tablet sc_layouts_hide_on_mobile sc_fly_static elementor-widget elementor-widget-spacer\" data-id=\"7925f5a\" data-element_type=\"widget\" data-e-type=\"widget\" data-widget_type=\"spacer.default\">\n\t\t\t\t<div class=\"elementor-widget-container\">\n\t\t\t\t\t\t\t<div class=\"elementor-spacer\">\n\t\t\t<div class=\"elementor-spacer-inner\"><\/div>\n\t\t<\/div>\n\t\t\t\t\t\t<\/div>\n\t\t\t\t<\/div>\n\t\t\t\t<div class=\"elementor-element elementor-element-dff10ff sc_fly_static elementor-widget elementor-widget-trx_sc_title\" data-id=\"dff10ff\" data-element_type=\"widget\" data-e-type=\"widget\" data-widget_type=\"trx_sc_title.default\">\n\t\t\t\t<div class=\"elementor-widget-container\">\n\t\t\t\t\t<div\t\tclass=\"sc_title sc_title_default\" ><h2 class=\"sc_item_title sc_title_title sc_item_title_style_default sc_item_title_tag\"\n\t\t\t><span class=\"sc_item_title_text\">C\u00f3mo Invertimos - Nuestro Enfoque<\/span><\/h2><\/div>\t\t\t\t<\/div>\n\t\t\t\t<\/div>\n\t\t\t\t<div class=\"elementor-element elementor-element-62b0fd78 sc_fly_static elementor-widget elementor-widget-spacer\" data-id=\"62b0fd78\" data-element_type=\"widget\" data-e-type=\"widget\" data-widget_type=\"spacer.default\">\n\t\t\t\t<div class=\"elementor-widget-container\">\n\t\t\t\t\t\t\t<div class=\"elementor-spacer\">\n\t\t\t<div class=\"elementor-spacer-inner\"><\/div>\n\t\t<\/div>\n\t\t\t\t\t\t<\/div>\n\t\t\t\t<\/div>\n\t\t\t\t<div class=\"elementor-element elementor-element-43818ba5 sc_fly_static elementor-widget elementor-widget-text-editor\" data-id=\"43818ba5\" data-element_type=\"widget\" data-e-type=\"widget\" data-widget_type=\"text-editor.default\">\n\t\t\t\t<div class=\"elementor-widget-container\">\n\t\t\t\t\t\t\t\t\t<p>Nuestra filosof\u00eda de inversi\u00f3n se centra en la creencia de que el \u00e9xito financiero y el impacto positivo no sonmutuamente excluyentes\u2014son fuerzas complementarias que crean rendimientos m\u00e1s s\u00f3lidos y resistentes.Seleccionamos cuidadosamente oportunidades en sectores innovadores que demuestran tanto potencial decrecimiento como beneficio social medible.<\/p><p>Al analizar inversiones, miramos m\u00e1s all\u00e1 de las m\u00e9tricas financieras tradicionales para evaluar c\u00f3mo cadaoportunidad empodera a los negocios locales, reduce las brechas socioecon\u00f3micas, apoya la sostenibilidadambiental y crea oportunidades para comunidades desatendidas. Nuestras empresas del portafolio se rigen poraltos est\u00e1ndares de responsabilidad y transparencia, asegurando que el cambio positivo que prometemos seaentregado y medible.<\/p><p>Este enfoque permite a nuestros inversionistas participar en el crecimiento de industrias visionarias mientrassaben que su capital est\u00e1 trabajando activamente para construir un cambio positivo duradero. Creemos queeste doble enfoque en el rendimiento financiero y el impacto social posiciona a nuestro fondo para capturaroportunidades que los inversionistas tradicionales podr\u00edan pasar por alto, mientras construimos un futuro m\u00e1ssostenible y equitativo para todos los accionistas.<\/p>\t\t\t\t\t\t\t\t<\/div>\n\t\t\t\t<\/div>\n\t\t\t\t<div class=\"elementor-element elementor-element-d6efd48 sc_height_medium sc_fly_static elementor-widget elementor-widget-spacer\" data-id=\"d6efd48\" data-element_type=\"widget\" data-e-type=\"widget\" data-widget_type=\"spacer.default\">\n\t\t\t\t<div class=\"elementor-widget-container\">\n\t\t\t\t\t\t\t<div class=\"elementor-spacer\">\n\t\t\t<div class=\"elementor-spacer-inner\"><\/div>\n\t\t<\/div>\n\t\t\t\t\t\t<\/div>\n\t\t\t\t<\/div>\n\t\t\t\t<div class=\"elementor-element elementor-element-3db8973 sc_layouts_hide_on_notebook sc_layouts_hide_on_tablet sc_layouts_hide_on_mobile sc_fly_static elementor-widget elementor-widget-spacer\" data-id=\"3db8973\" data-element_type=\"widget\" data-e-type=\"widget\" data-widget_type=\"spacer.default\">\n\t\t\t\t<div class=\"elementor-widget-container\">\n\t\t\t\t\t\t\t<div class=\"elementor-spacer\">\n\t\t\t<div class=\"elementor-spacer-inner\"><\/div>\n\t\t<\/div>\n\t\t\t\t\t\t<\/div>\n\t\t\t\t<\/div>\n\t\t\t\t\t<\/div>\n\t\t<\/div>\n\t\t\t\t\t<\/div>\n\t\t<\/section>\n\t\t\t\t<section class=\"elementor-section elementor-top-section elementor-element elementor-element-6397aaf elementor-section-boxed elementor-section-height-default elementor-section-height-default sc_fly_static\" data-id=\"6397aaf\" data-element_type=\"section\" data-e-type=\"section\">\n\t\t\t\t\t\t<div class=\"elementor-container elementor-column-gap-extended\">\n\t\t\t\t\t<div class=\"elementor-column elementor-col-100 elementor-top-column elementor-element elementor-element-892985e sc_content_align_inherit sc_layouts_column_icons_position_left sc_fly_static\" data-id=\"892985e\" data-element_type=\"column\" data-e-type=\"column\">\n\t\t\t<div class=\"elementor-widget-wrap elementor-element-populated\">\n\t\t\t\t\t\t<div class=\"elementor-element elementor-element-7dd3a32 sc_fly_static elementor-widget elementor-widget-trx_sc_icons\" data-id=\"7dd3a32\" data-element_type=\"widget\" data-e-type=\"widget\" data-widget_type=\"trx_sc_icons.default\">\n\t\t\t\t<div class=\"elementor-widget-container\">\n\t\t\t\t\t<div \tclass=\"sc_icons sc_icons_default sc_icons_size_medium sc_align_center\" ><div class=\"sc_icons_columns_wrap sc_item_columns trx_addons_columns_wrap columns_padding_bottom columns_in_single_row\" ><div class=\"trx_addons_column-1_4\"><div class=\"sc_icons_item\"><div class=\"sc_icons_icon sc_icon_type_ icon-megaphone-light\" ><span class=\"sc_icon_type_ icon-megaphone-light\"><\/span><\/div><div class=\"sc_icons_item_details\"><h4 class=\"sc_icons_item_title\"><span>Impulsado por impacto<\/span><\/h4><div class=\"sc_icons_item_description\"><span>Priorizamos inversiones que entregan tanto rendimientos financieros como impactosocial y ambiental tangible.<\/span><\/div><\/div><\/div><\/div><div class=\"trx_addons_column-1_4\"><div class=\"sc_icons_item\"><div class=\"sc_icons_icon sc_icon_type_ icon-heart-empty\" ><span class=\"sc_icon_type_ icon-heart-empty\"><\/span><\/div><div class=\"sc_icons_item_details\"><h4 class=\"sc_icons_item_title\"><span>Inversi\u00f3n responsable<\/span><\/h4><div class=\"sc_icons_item_description\"><span>Nos enfocamos en organizaciones que demuestran responsabilidad y empoderamiento comunitario.<\/span><\/div><\/div><\/div><\/div><div class=\"trx_addons_column-1_4\"><div class=\"sc_icons_item\"><div class=\"sc_icons_icon sc_icon_type_ icon-globe\" ><span class=\"sc_icon_type_ icon-globe\"><\/span><\/div><div class=\"sc_icons_item_details\"><h4 class=\"sc_icons_item_title\"><span>Transformaci\u00f3n sostenible<\/span><\/h4><div class=\"sc_icons_item_description\"><span>Apoyamos inversiones que impulsan un cambio social positivo y duradero.<\/span><\/div><\/div><\/div><\/div><div class=\"trx_addons_column-1_4\"><div class=\"sc_icons_item\"><div class=\"sc_icons_icon sc_icon_type_ icon-checkbox\" ><span class=\"sc_icon_type_ icon-checkbox\"><\/span><\/div><div class=\"sc_icons_item_details\"><h4 class=\"sc_icons_item_title\"><span>Innovaci\u00f3n y emprendimiento<\/span><\/h4><div class=\"sc_icons_item_description\"><span>Fomentamos la creatividad y el esp\u00edritu empresarial dentro de lascomunidades.<\/span><\/div><\/div><\/div><\/div><\/div><\/div><!-- \/.sc_icons -->\t\t\t\t<\/div>\n\t\t\t\t<\/div>\n\t\t\t\t\t<\/div>\n\t\t<\/div>\n\t\t\t\t\t<\/div>\n\t\t<\/section>\n\t\t\t\t<section class=\"elementor-section elementor-top-section elementor-element elementor-element-0da6c0f elementor-section-boxed elementor-section-height-default elementor-section-height-default sc_fly_static\" data-id=\"0da6c0f\" data-element_type=\"section\" data-e-type=\"section\">\n\t\t\t\t\t\t<div class=\"elementor-container elementor-column-gap-extended\">\n\t\t\t\t\t<div class=\"elementor-column elementor-col-100 elementor-top-column elementor-element elementor-element-bc42de1 sc_content_align_inherit sc_layouts_column_icons_position_left sc_fly_static\" data-id=\"bc42de1\" data-element_type=\"column\" data-e-type=\"column\">\n\t\t\t<div class=\"elementor-widget-wrap elementor-element-populated\">\n\t\t\t\t\t\t<div class=\"elementor-element elementor-element-3093a87 sc_fly_static elementor-widget elementor-widget-trx_sc_icons\" data-id=\"3093a87\" data-element_type=\"widget\" data-e-type=\"widget\" data-widget_type=\"trx_sc_icons.default\">\n\t\t\t\t<div class=\"elementor-widget-container\">\n\t\t\t\t\t<div \tclass=\"sc_icons sc_icons_default sc_icons_size_medium sc_align_center\" ><div class=\"sc_icons_columns_wrap sc_item_columns trx_addons_columns_wrap columns_padding_bottom columns_in_single_row\" ><div class=\"trx_addons_column-1_3\"><div class=\"sc_icons_item\"><div class=\"sc_icons_icon sc_icon_type_ icon-user-1\" ><span class=\"sc_icon_type_ icon-user-1\"><\/span><\/div><div class=\"sc_icons_item_details\"><h4 class=\"sc_icons_item_title\"><span>Inclusivo y equitativo<\/span><\/h4><div class=\"sc_icons_item_description\"><span>Invertimos en empresas que apoyan a las personas, peque\u00f1os negocios, el medioambiente y comunidades desatendidas.<\/span><\/div><\/div><\/div><\/div><div class=\"trx_addons_column-1_3\"><div class=\"sc_icons_item\"><div class=\"sc_icons_icon sc_icon_type_ icon-money-light\" ><span class=\"sc_icon_type_ icon-money-light\"><\/span><\/div><div class=\"sc_icons_item_details\"><h4 class=\"sc_icons_item_title\"><span>Creaci\u00f3n de valor a largo plazo<\/span><\/h4><div class=\"sc_icons_item_description\"><span>Creamos valor duradero para inversionistas, accionistas y comunidades.<\/span><\/div><\/div><\/div><\/div><div class=\"trx_addons_column-1_3\"><div class=\"sc_icons_item\"><div class=\"sc_icons_icon sc_icon_type_ icon-lightbulb-light\" ><span class=\"sc_icon_type_ icon-lightbulb-light\"><\/span><\/div><div class=\"sc_icons_item_details\"><h4 class=\"sc_icons_item_title\"><span>Inversi\u00f3n consciente<\/span><\/h4><div class=\"sc_icons_item_description\"><span>Nos asociamos con inversionistas que equilibran la responsabilidad social y ambientalcon el rendimiento financiero.<\/span><\/div><\/div><\/div><\/div><\/div><\/div><!-- \/.sc_icons -->\t\t\t\t<\/div>\n\t\t\t\t<\/div>\n\t\t\t\t\t<\/div>\n\t\t<\/div>\n\t\t\t\t\t<\/div>\n\t\t<\/section>\n\t\t\t\t<section class=\"elementor-section elementor-top-section elementor-element elementor-element-9e906b2 elementor-section-boxed elementor-section-height-default elementor-section-height-default sc_fly_static\" data-id=\"9e906b2\" data-element_type=\"section\" data-e-type=\"section\" data-settings=\"{&quot;background_background&quot;:&quot;classic&quot;}\">\n\t\t\t\t\t\t<div class=\"elementor-container elementor-column-gap-extended\">\n\t\t\t\t\t<div class=\"elementor-column elementor-col-100 elementor-top-column elementor-element elementor-element-3c3b302 sc_content_align_inherit sc_layouts_column_icons_position_left sc_fly_static\" data-id=\"3c3b302\" data-element_type=\"column\" data-e-type=\"column\">\n\t\t\t<div class=\"elementor-widget-wrap elementor-element-populated\">\n\t\t\t\t\t\t<div class=\"elementor-element elementor-element-2188f39 sc_fly_static elementor-widget elementor-widget-spacer\" data-id=\"2188f39\" data-element_type=\"widget\" data-e-type=\"widget\" data-widget_type=\"spacer.default\">\n\t\t\t\t<div class=\"elementor-widget-container\">\n\t\t\t\t\t\t\t<div class=\"elementor-spacer\">\n\t\t\t<div class=\"elementor-spacer-inner\"><\/div>\n\t\t<\/div>\n\t\t\t\t\t\t<\/div>\n\t\t\t\t<\/div>\n\t\t\t\t<div class=\"elementor-element elementor-element-5fff169 sc_fly_static elementor-widget elementor-widget-text-editor\" data-id=\"5fff169\" data-element_type=\"widget\" data-e-type=\"widget\" data-widget_type=\"text-editor.default\">\n\t\t\t\t<div class=\"elementor-widget-container\">\n\t\t\t\t\t\t\t\t\t<p>Tu dinero puede hacer m\u00e1s que crecer\u2014puede transformar comunidades, apoyarla innovaci\u00f3n y crear un impacto positivo duradero.<\/p>\t\t\t\t\t\t\t\t<\/div>\n\t\t\t\t<\/div>\n\t\t\t\t<div class=\"elementor-element elementor-element-7b749e6 sc_fly_static elementor-widget elementor-widget-spacer\" data-id=\"7b749e6\" data-element_type=\"widget\" data-e-type=\"widget\" data-widget_type=\"spacer.default\">\n\t\t\t\t<div class=\"elementor-widget-container\">\n\t\t\t\t\t\t\t<div class=\"elementor-spacer\">\n\t\t\t<div class=\"elementor-spacer-inner\"><\/div>\n\t\t<\/div>\n\t\t\t\t\t\t<\/div>\n\t\t\t\t<\/div>\n\t\t\t\t<div class=\"elementor-element elementor-element-19a1f18 sc_fly_static elementor-widget elementor-widget-text-editor\" data-id=\"19a1f18\" data-element_type=\"widget\" data-e-type=\"widget\" data-widget_type=\"text-editor.default\">\n\t\t\t\t<div class=\"elementor-widget-container\">\n\t\t\t\t\t\t\t\t\t<p>\u00danete al fondo de inversi\u00f3n Octagon Global Strategies y convi\u00e9rtete en uncatalizador del cambio que quieres ver en el mundo.<\/p>\t\t\t\t\t\t\t\t<\/div>\n\t\t\t\t<\/div>\n\t\t\t\t<div class=\"elementor-element elementor-element-c3185ee sc_fly_static elementor-widget elementor-widget-spacer\" data-id=\"c3185ee\" data-element_type=\"widget\" data-e-type=\"widget\" data-widget_type=\"spacer.default\">\n\t\t\t\t<div class=\"elementor-widget-container\">\n\t\t\t\t\t\t\t<div class=\"elementor-spacer\">\n\t\t\t<div class=\"elementor-spacer-inner\"><\/div>\n\t\t<\/div>\n\t\t\t\t\t\t<\/div>\n\t\t\t\t<\/div>\n\t\t\t\t<div class=\"elementor-element elementor-element-af94e2d sc_fly_static elementor-widget elementor-widget-text-editor\" data-id=\"af94e2d\" data-element_type=\"widget\" data-e-type=\"widget\" data-widget_type=\"text-editor.default\">\n\t\t\t\t<div class=\"elementor-widget-container\">\n\t\t\t\t\t\t\t\t\t<p>Cont\u00e1ctanos para conocer nuestros proyectos y sus oportunidades de inversi\u00f3n yas\u00ed comenzar a tomar acci\u00f3n en la transformaci\u00f3n.<\/p>\t\t\t\t\t\t\t\t<\/div>\n\t\t\t\t<\/div>\n\t\t\t\t<div class=\"elementor-element elementor-element-376f15e sc_fly_static elementor-widget elementor-widget-spacer\" data-id=\"376f15e\" data-element_type=\"widget\" data-e-type=\"widget\" data-widget_type=\"spacer.default\">\n\t\t\t\t<div class=\"elementor-widget-container\">\n\t\t\t\t\t\t\t<div class=\"elementor-spacer\">\n\t\t\t<div class=\"elementor-spacer-inner\"><\/div>\n\t\t<\/div>\n\t\t\t\t\t\t<\/div>\n\t\t\t\t<\/div>\n\t\t\t\t<div class=\"elementor-element elementor-element-9d91e77 sc_fly_static elementor-widget elementor-widget-trx_sc_button\" data-id=\"9d91e77\" data-element_type=\"widget\" data-e-type=\"widget\" data-widget_type=\"trx_sc_button.default\">\n\t\t\t\t<div class=\"elementor-widget-container\">\n\t\t\t\t\t<div\tclass=\"sc_item_button sc_button_wrap sc_align_center\" ><a href=\"https:\/\/octagongs.com\/es\/formulario-para-inversionistas\/\" class=\"sc_button sc_button_default sc_button_size_large sc_button_icon_left\" ><span class=\"sc_button_text\"><span class=\"sc_button_title\">Empecemos<\/span><\/span><\/a><\/div>\t\t\t\t<\/div>\n\t\t\t\t<\/div>\n\t\t\t\t\t<\/div>\n\t\t<\/div>\n\t\t\t\t\t<\/div>\n\t\t<\/section>\n\t\t\t\t<\/div>\n\t\t","protected":false},"excerpt":{"rendered":"<p>C\u00f3mo Invertimos &#8211; Nuestro Enfoque Nuestra filosof\u00eda de inversi\u00f3n se centra en la creencia de que el \u00e9xito financiero y el impacto positivo no sonmutuamente excluyentes\u2014son fuerzas complementarias que crean&hellip;<\/p>\n","protected":false},"author":129273,"featured_media":0,"parent":0,"menu_order":0,"comment_status":"closed","ping_status":"closed","template":"","meta":{"footnotes":""},"class_list":["post-2571","page","type-page","status-publish","hentry"],"_links":{"self":[{"href":"https:\/\/octagongs.com\/es\/wp-json\/wp\/v2\/pages\/2571","targetHints":{"allow":["GET"]}}],"collection":[{"href":"https:\/\/octagongs.com\/es\/wp-json\/wp\/v2\/pages"}],"about":[{"href":"https:\/\/octagongs.com\/es\/wp-json\/wp\/v2\/types\/page"}],"author":[{"embeddable":true,"href":"https:\/\/octagongs.com\/es\/wp-json\/wp\/v2\/users\/129273"}],"replies":[{"embeddable":true,"href":"https:\/\/octagongs.com\/es\/wp-json\/wp\/v2\/comments?post=2571"}],"version-history":[{"count":10,"href":"https:\/\/octagongs.com\/es\/wp-json\/wp\/v2\/pages\/2571\/revisions"}],"predecessor-version":[{"id":8284,"href":"https:\/\/octagongs.com\/es\/wp-json\/wp\/v2\/pages\/2571\/revisions\/8284"}],"wp:attachment":[{"href":"https:\/\/octagongs.com\/es\/wp-json\/wp\/v2\/media?parent=2571"}],"curies":[{"name":"wp","href":"https:\/\/api.w.org\/{rel}","templated":true}]}}